{"id":3615,"date":"2014-05-14T08:58:16","date_gmt":"2014-05-14T08:58:16","guid":{"rendered":"http:\/\/marine.arenaofthemes.com\/?page_id=3615"},"modified":"2020-03-26T17:23:21","modified_gmt":"2020-03-26T17:23:21","slug":"main","status":"publish","type":"page","link":"https:\/\/universalmarineelectric.com\/de\/","title":{"rendered":"Hauptseite"},"content":{"rendered":"<p>Unser Standort liegt nahe des Hafens von Houston Texas, USA. Wir bieten umfassende Dienstleistungen f\u00fcr Schiffselektrik und -elektronik f\u00fcr Kunden weltweit in den Bereichen<\/p>\n<ul>\n<li>Haupt- und Hilfsmaschine, Automatisierung, \u00dcberwachung (Monitoring), Alarmzentrale, Gestaltung sowie Reparaturen \/ Instandhaltung.<\/li>\n<li>Elektromotoren, Generatoren, Wickeln des Motors, Reparaturen \/ Instandhaltung<\/li>\n<li>Hauptschaltanlagen, Boiler- und Motorschaltanlagen, St\u00f6rungssuche- und behebung, Reparaturen \/ Instandhaltung.<\/li>\n<li>Dynamisches Ausbalancieren vor Ort<\/li>\n<li>Klimaanlagen \/ K\u00fchlschrankreparaturen<\/li>\n<li>Technik, Rohrleitungen, bauliche Anlagen<\/li>\n<li>Lagerhallen-Reinigung und Sandstrahlen<\/li>\n<\/ul>\n<div><\/div>\n<div>Alle Reparaturen haben bez\u00fcglich Klasse und der Amerikanischen K\u00fcstenwache U.S.C.G. Genehmigung und Garantie.<\/div>\n","protected":false},"excerpt":{"rendered":"<p>Unser Standort liegt nahe des Hafens von Houston Texas, USA. Wir bieten umfassende Dienstleistungen f\u00fcr Schiffselektrik und -elektronik f\u00fcr Kunden weltweit in den Bereichen Haupt- und Hilfsmaschine, Automatisierung, \u00dcberwachung (Monitoring), Alarmzentrale, Gestaltung sowie Reparaturen \/ Instandhaltung. Elektromotoren, Generatoren, Wickeln des Motors, Reparaturen \/ Instandhaltung Hauptschaltanlagen, Boiler- und Motorschaltanlagen, St\u00f6rungssuche- und behebung, Reparaturen \/ Instandhaltung. Dynamisches<\/p>\n","protected":false},"author":1,"featured_media":0,"parent":0,"menu_order":0,"comment_status":"open","ping_status":"open","template":"template-alternative.php","meta":[],"translation":{"provider":"WPGlobus","version":"2.10.7","language":"de","enabled_languages":["en","de","ja"],"languages":{"en":{"title":true,"content":true,"excerpt":false},"de":{"title":true,"content":true,"excerpt":false},"ja":{"title":true,"content":true,"excerpt":false}}},"_links":{"self":[{"href":"https:\/\/universalmarineelectric.com\/de\/wp-json\/wp\/v2\/pages\/3615"}],"collection":[{"href":"https:\/\/universalmarineelectric.com\/de\/wp-json\/wp\/v2\/pages"}],"about":[{"href":"https:\/\/universalmarineelectric.com\/de\/wp-json\/wp\/v2\/types\/page"}],"author":[{"embeddable":true,"href":"https:\/\/universalmarineelectric.com\/de\/wp-json\/wp\/v2\/users\/1"}],"replies":[{"embeddable":true,"href":"https:\/\/universalmarineelectric.com\/de\/wp-json\/wp\/v2\/comments?post=3615"}],"version-history":[{"count":20,"href":"https:\/\/universalmarineelectric.com\/de\/wp-json\/wp\/v2\/pages\/3615\/revisions"}],"predecessor-version":[{"id":7562,"href":"https:\/\/universalmarineelectric.com\/de\/wp-json\/wp\/v2\/pages\/3615\/revisions\/7562"}],"wp:attachment":[{"href":"https:\/\/universalmarineelectric.com\/de\/wp-json\/wp\/v2\/media?parent=3615"}],"curies":[{"name":"wp","href":"https:\/\/api.w.org\/{rel}","templated":true}]}}