{"id":5279,"date":"2014-07-26T11:29:46","date_gmt":"2014-07-26T11:29:46","guid":{"rendered":"http:\/\/marine.arenaofthemes.com\/?page_id=5279"},"modified":"2020-05-05T16:39:54","modified_gmt":"2020-05-05T16:39:54","slug":"about-us","status":"publish","type":"page","link":"https:\/\/universalmarineelectric.com\/de\/about-us\/","title":{"rendered":"\u00dcber Uns"},"content":{"rendered":"<p><img decoding=\"async\" loading=\"lazy\" class=\"size-medium wp-image-7166 aligncenter\" src=\"http:\/\/universalmarineelectric.com\/wp-content\/uploads\/2014\/07\/Brushed Metal UME logo.png\" alt=\"\" width=\"300\" height=\"175\" \/><\/p>\n<hr \/>\n<p><strong>Geschichte<\/strong>:<br \/>\nHristos Erfesoglou gr\u00fcndete Universal Marine Electric Inc. im Oktober 1983. Kurz darauf stiegen Nikolaos Erfesoglou und Angelos Erfesoglou in die Firma mit ein. Die 35 Jahre danach sind wie im Flug vergangen.<\/p>\n<p>Universal Marine ist ein kleines inhabergef\u00fchrtes Familienunternehmen mit Sitz in der N\u00e4he des Hafens von Houston\/Texas. Seit seiner Gr\u00fcndung arbeitete Universal Marine nicht nur f\u00fcr die Schiffs- und Werftindustrie rund um den Golf von Mexiko sondern weltweit. Eine Erfolgsgeschichte. Unser Kundennetz reicht von Japan \u00fcber Argentinien bis nach Deutschland. Darunter befindet sich auch die US Navy. Mit ihr f\u00fchren wir seit Jahren erfolgreich den internationalen\u00a0 Richtlinien entsprechende Projekte durch.<\/p>\n<p>Dank unseres ausgezeichneten Services und unseres herausragenden Rufs in der Branche haben wir mit unseren Dienstleistungen bereits knapp 3000 Schiffe erfolgreich beraten. K\u00f6nnen wir etwas f\u00fcr Sie tun? Wir finden die richtige L\u00f6sung f\u00fcr Sie. Garantiert.<\/p>\n<hr \/>\n<div class=\"row\">\n<div class=\"col-lg-3 col-md-3 col-sm-6\"><img decoding=\"async\" loading=\"lazy\" class=\"alignnone size-medium wp-image-7173\" src=\"http:\/\/universalmarineelectric.com\/wp-content\/uploads\/2014\/07\/chriss-228x300.JPG\" alt=\"\" width=\"228\" height=\"300\" \/><\/div>\n<div class=\"col-lg-9 col-md-9 col-sm-6\"><strong>Hristos (Chris) Erfesoglou<\/strong> wurde 1954 in Thessaloniki, Griechenland, geboren.<br \/>\nChris ist studierter Ingenieur der Elektronik und Elektrotechnik. Sein Studium absolvierte er an der Technischen Universit\u00e4t Demokritos. An Bord der griechischen Handelsmarine bekleidete er vier Jahre lang die Position als leitender Ingenieur der Elektronik und Elektrotechnik. Als Schiffsingenieur arbeitete er zudem zwei Jahre lang bei Emans Shipping New York.<\/div>\n<\/div> \n<hr \/>\n<div class=\"row\">\n<div class=\"col-lg-9 col-md-9 col-sm-6\"><strong>Nikolaos Erfesoglou<\/strong><br \/>\nGeboren 1950 in Thessaloniki, Griechenland.<br \/>\nNiko studierte Ingenieurwesen an der Technischen Universit\u00e4t Demokritos.<br \/>\nEr hat 17 Jahre Borderfahrung als zweiter Ingenieur bei der griechischen Handelsmarine.<\/div>\n<div class=\"col-lg-3 col-md-3 col-sm-6\"><img decoding=\"async\" loading=\"lazy\" class=\"alignnone size-medium wp-image-7174\" src=\"http:\/\/universalmarineelectric.com\/wp-content\/uploads\/2014\/07\/Niko-187x300.JPG\" alt=\"\" width=\"225\" height=\"310\" \/><\/div>\n<\/div> \n<hr \/>\n<div class=\"row\">\n<div class=\"col-lg-3 col-md-3 col-sm-6\"><img decoding=\"async\" loading=\"lazy\" class=\"alignnone size-medium wp-image-7172\" src=\"http:\/\/universalmarineelectric.com\/wp-content\/uploads\/2014\/07\/Angelo-225x300.JPG\" alt=\"\" width=\"225\" height=\"300\" \/><\/div>\n<div class=\"col-lg-9 col-md-9 col-sm-6\"><strong>Angelos Erfesoglou<\/strong><br \/>\nGeboren 1954 in Thessaloniki, Griechenland.<br \/>\nAngelos absolvierte sein Studium als Ingenieur der Elektrotechnik und Computertechnik am National Technical Institute in Kalifornien. Er sammelte zun\u00e4chst f\u00fcnf Jahre Borderfahrung als Elektroingenieur bei der griechischen Handelsmarine.<\/div>\n<\/div> \n","protected":false},"excerpt":{"rendered":"<p>Geschichte: Hristos Erfesoglou gr\u00fcndete Universal Marine Electric Inc. im Oktober 1983. Kurz darauf stiegen Nikolaos Erfesoglou und Angelos Erfesoglou in die Firma mit ein. Die 35 Jahre danach sind wie im Flug vergangen. Universal Marine ist ein kleines inhabergef\u00fchrtes Familienunternehmen mit Sitz in der N\u00e4he des Hafens von Houston\/Texas. Seit seiner Gr\u00fcndung arbeitete Universal Marine<\/p>\n","protected":false},"author":1,"featured_media":0,"parent":0,"menu_order":0,"comment_status":"open","ping_status":"open","template":"template-alternative.php","meta":[],"translation":{"provider":"WPGlobus","version":"2.10.7","language":"de","enabled_languages":["en","de","ja"],"languages":{"en":{"title":true,"content":true,"excerpt":false},"de":{"title":true,"content":true,"excerpt":false},"ja":{"title":true,"content":true,"excerpt":false}}},"_links":{"self":[{"href":"https:\/\/universalmarineelectric.com\/de\/wp-json\/wp\/v2\/pages\/5279"}],"collection":[{"href":"https:\/\/universalmarineelectric.com\/de\/wp-json\/wp\/v2\/pages"}],"about":[{"href":"https:\/\/universalmarineelectric.com\/de\/wp-json\/wp\/v2\/types\/page"}],"author":[{"embeddable":true,"href":"https:\/\/universalmarineelectric.com\/de\/wp-json\/wp\/v2\/users\/1"}],"replies":[{"embeddable":true,"href":"https:\/\/universalmarineelectric.com\/de\/wp-json\/wp\/v2\/comments?post=5279"}],"version-history":[{"count":60,"href":"https:\/\/universalmarineelectric.com\/de\/wp-json\/wp\/v2\/pages\/5279\/revisions"}],"predecessor-version":[{"id":7567,"href":"https:\/\/universalmarineelectric.com\/de\/wp-json\/wp\/v2\/pages\/5279\/revisions\/7567"}],"wp:attachment":[{"href":"https:\/\/universalmarineelectric.com\/de\/wp-json\/wp\/v2\/media?parent=5279"}],"curies":[{"name":"wp","href":"https:\/\/api.w.org\/{rel}","templated":true}]}}